{"id":26,"date":"2025-07-10T14:28:58","date_gmt":"2025-07-10T14:28:58","guid":{"rendered":"https:\/\/dev.svb.saarland\/?page_id=26"},"modified":"2025-07-11T14:11:31","modified_gmt":"2025-07-11T13:11:31","slug":"gutachten","status":"publish","type":"page","link":"https:\/\/svb.saarland\/?page_id=26","title":{"rendered":"Gutachten"},"content":{"rendered":"\t\t<div data-elementor-type=\"wp-page\" data-elementor-id=\"26\" class=\"elementor elementor-26\">\n\t\t\t\t<div class=\"elementor-element elementor-element-ba9a92d e-flex e-con-boxed e-con e-parent\" data-id=\"ba9a92d\" data-element_type=\"container\">\n\t\t\t\t\t<div class=\"e-con-inner\">\n\t\t\t\t<div class=\"elementor-element elementor-element-1b5d168 elementor-widget elementor-widget-image\" data-id=\"1b5d168\" data-element_type=\"widget\" data-widget_type=\"image.default\">\n\t\t\t\t\t\t\t\t\t\t\t\t\t\t\t<img decoding=\"async\" src=\"https:\/\/svb.saarland\/wp-content\/uploads\/elementor\/thumbs\/Gutachten-1-scaled-r8lq44z8r9fytp8tsu775k9ovc6i7veutxqh2gz8xs.png\" title=\"Gutachten\" alt=\"Gutachten\" loading=\"lazy\" \/>\t\t\t\t\t\t\t\t\t\t\t\t\t\t\t<\/div>\n\t\t\t\t<div class=\"elementor-element elementor-element-b0de82e elementor-widget elementor-widget-spacer\" data-id=\"b0de82e\" data-element_type=\"widget\" data-widget_type=\"spacer.default\">\n\t\t\t\t\t\t\t<div class=\"elementor-spacer\">\n\t\t\t<div class=\"elementor-spacer-inner\"><\/div>\n\t\t<\/div>\n\t\t\t\t\t\t<\/div>\n\t\t\t\t<div class=\"elementor-element elementor-element-00a6950 elementor-widget elementor-widget-text-editor\" data-id=\"00a6950\" data-element_type=\"widget\" data-widget_type=\"text-editor.default\">\n\t\t\t\t\t\t\t\t\t<h4><strong>In der heutigen Arbeitswelt geh\u00f6rt der t\u00e4gliche Einsatz von Computer-, Netzwerk-, und Internetdiensten zum Standard und ist nicht mehr wegzudenken.\u00a0Die steigende Komplexit\u00e4t dieser Systeme macht immer h\u00e4ufiger den Einsatz eines unabh\u00e4ngigen IT-Spezialisten erforderlich. Typisch hierf\u00fcr ist die Beurteilung der Systeme, Aufkl\u00e4rung von Sachverhalten oder die Sicherung von Beweisen.<\/strong><\/h4>\t\t\t\t\t\t\t\t<\/div>\n\t\t\t\t<div class=\"elementor-element elementor-element-119cbc7 elementor-widget elementor-widget-spacer\" data-id=\"119cbc7\" data-element_type=\"widget\" data-widget_type=\"spacer.default\">\n\t\t\t\t\t\t\t<div class=\"elementor-spacer\">\n\t\t\t<div class=\"elementor-spacer-inner\"><\/div>\n\t\t<\/div>\n\t\t\t\t\t\t<\/div>\n\t\t\t\t\t<\/div>\n\t\t\t\t<\/div>\n\t\t<div class=\"elementor-element elementor-element-2e449fe e-flex e-con-boxed e-con e-parent\" data-id=\"2e449fe\" data-element_type=\"container\">\n\t\t\t\t\t<div class=\"e-con-inner\">\n\t\t<div class=\"elementor-element elementor-element-2966b11 e-con-full e-flex e-con e-child\" data-id=\"2966b11\" data-element_type=\"container\">\n\t\t\t\t<div class=\"elementor-element elementor-element-3cf6d6ff elementor-widget elementor-widget-heading\" data-id=\"3cf6d6ff\" data-element_type=\"widget\" data-widget_type=\"heading.default\">\n\t\t\t\t\t<h3 class=\"elementor-heading-title elementor-size-default\">Analyse und Auswertung\u200b\n<\/h3>\t\t\t\t<\/div>\n\t\t\t\t<div class=\"elementor-element elementor-element-19cb3d6a elementor-widget elementor-widget-text-editor\" data-id=\"19cb3d6a\" data-element_type=\"widget\" data-widget_type=\"text-editor.default\">\n\t\t\t\t\t\t\t\t\t<p>Um in Zukunft auch weiter innovativ und erfolgsorientiert arbeiten zu k\u00f6nnen, m\u00fcssen IT-Strukturen regelm\u00e4\u00dfig gepr\u00fcft werden. Unsere IT-Analysen und Auswertungen zeigen Ihnen auf welchem Stand Ihre IT aktuell ist.<br \/>Sie ben\u00f6tigen ein IT-Audit, das einen speziellen Aspekt Ihrer Systeme beleuchtet, diese unter einem bestimmten Gesichtspunkt untersucht? Wir analysieren Ihre IT-Infrastruktur im Hinblick auf konkrete Fragestellungen und erstellen Ihnen \u00fcber das Ergebnis ein Gutachten.<\/p>\t\t\t\t\t\t\t\t<\/div>\n\t\t\t\t<\/div>\n\t\t<div class=\"elementor-element elementor-element-8719330 e-con-full e-flex e-con e-child\" data-id=\"8719330\" data-element_type=\"container\">\n\t\t\t\t<div class=\"elementor-element elementor-element-5045d7a2 elementor-widget elementor-widget-heading\" data-id=\"5045d7a2\" data-element_type=\"widget\" data-widget_type=\"heading.default\">\n\t\t\t\t\t<h3 class=\"elementor-heading-title elementor-size-default\">Projektberatung<\/h3>\t\t\t\t<\/div>\n\t\t\t\t<div class=\"elementor-element elementor-element-6287b811 elementor-widget elementor-widget-text-editor\" data-id=\"6287b811\" data-element_type=\"widget\" data-widget_type=\"text-editor.default\">\n\t\t\t\t\t\t\t\t\t<p>Als Gutachter sind wir Ihr neutraler, unabh\u00e4ngiger und fachlich kompetenter Experte, der hinzugezogen werden kann, wenn der Wert eines Objekts festgestellt werden soll, ein Fehler dokumentiert werden muss oder eine Schadensursache ermittelt werden soll.<\/p><p>Ein EDV-Gutachten stellt sowohl in der au\u00dfergerichtlichen Verst\u00e4ndigung als auch bei einer gerichtlichen Auseinandersetzung ein starkes Argument dar.<\/p>\t\t\t\t\t\t\t\t<\/div>\n\t\t\t\t<\/div>\n\t\t<div class=\"elementor-element elementor-element-20f65f1 e-con-full e-flex e-con e-child\" data-id=\"20f65f1\" data-element_type=\"container\">\n\t\t\t\t<div class=\"elementor-element elementor-element-5018677 elementor-widget elementor-widget-heading\" data-id=\"5018677\" data-element_type=\"widget\" data-widget_type=\"heading.default\">\n\t\t\t\t\t<h3 class=\"elementor-heading-title elementor-size-default\">Gutachten erstellen\u200b\n<\/h3>\t\t\t\t<\/div>\n\t\t\t\t<div class=\"elementor-element elementor-element-8d4495e elementor-widget elementor-widget-text-editor\" data-id=\"8d4495e\" data-element_type=\"widget\" data-widget_type=\"text-editor.default\">\n\t\t\t\t\t\t\t\t\t<p>Wir unterst\u00fctzen Sie dabei, den f\u00fcr Ihr Unternehmen passenden organisatorischen Rahmen zu entwickeln und erfolgreich umzusetzen.<\/p><p>Unsere Schwerpunkte sind Beratungsleistungen f\u00fcr laufende oder anstehende IT-Projekte. Wir wollen, dass Ihre Projektarbeit nachhaltigen Erfolg erzielt. Nutzen Sie unsere Fachkenntnis und die langj\u00e4hrige, praktische Erfahrung. Wir entwickeln eine erfolgreiche Projektorganisation, die zu Ihrem Unternehmen, Ihren Strategien, Zielen und Visionen passt.<\/p>\t\t\t\t\t\t\t\t<\/div>\n\t\t\t\t<\/div>\n\t\t\t\t\t<\/div>\n\t\t\t\t<\/div>\n\t\t\t\t<\/div>\n\t\t","protected":false},"excerpt":{"rendered":"<p>In der heutigen Arbeitswelt geh\u00f6rt der t\u00e4gliche Einsatz von Computer-, Netzwerk-, und Internetdiensten zum Standard und ist nicht mehr wegzudenken.\u00a0Die steigende Komplexit\u00e4t dieser Systeme macht immer h\u00e4ufiger den Einsatz eines unabh\u00e4ngigen IT-Spezialisten erforderlich. Typisch hierf\u00fcr ist die Beurteilung der Systeme, Aufkl\u00e4rung von Sachverhalten oder die Sicherung von Beweisen. Analyse und Auswertung\u200b Um in Zukunft auch [&hellip;]<\/p>\n","protected":false},"author":1,"featured_media":0,"parent":0,"menu_order":0,"comment_status":"closed","ping_status":"closed","template":"","meta":{"footnotes":""},"class_list":["post-26","page","type-page","status-publish","hentry","wpbf-post"],"_links":{"self":[{"href":"https:\/\/svb.saarland\/index.php?rest_route=\/wp\/v2\/pages\/26","targetHints":{"allow":["GET"]}}],"collection":[{"href":"https:\/\/svb.saarland\/index.php?rest_route=\/wp\/v2\/pages"}],"about":[{"href":"https:\/\/svb.saarland\/index.php?rest_route=\/wp\/v2\/types\/page"}],"author":[{"embeddable":true,"href":"https:\/\/svb.saarland\/index.php?rest_route=\/wp\/v2\/users\/1"}],"replies":[{"embeddable":true,"href":"https:\/\/svb.saarland\/index.php?rest_route=%2Fwp%2Fv2%2Fcomments&post=26"}],"version-history":[{"count":5,"href":"https:\/\/svb.saarland\/index.php?rest_route=\/wp\/v2\/pages\/26\/revisions"}],"predecessor-version":[{"id":169,"href":"https:\/\/svb.saarland\/index.php?rest_route=\/wp\/v2\/pages\/26\/revisions\/169"}],"wp:attachment":[{"href":"https:\/\/svb.saarland\/index.php?rest_route=%2Fwp%2Fv2%2Fmedia&parent=26"}],"curies":[{"name":"wp","href":"https:\/\/api.w.org\/{rel}","templated":true}]}}