{"id":24,"date":"2025-07-10T14:28:38","date_gmt":"2025-07-10T14:28:38","guid":{"rendered":"https:\/\/dev.svb.saarland\/?page_id=24"},"modified":"2025-07-11T14:11:08","modified_gmt":"2025-07-11T13:11:08","slug":"it-sicherheit","status":"publish","type":"page","link":"https:\/\/svb.saarland\/?page_id=24","title":{"rendered":"IT-Sicherheit"},"content":{"rendered":"\t\t<div data-elementor-type=\"wp-page\" data-elementor-id=\"24\" class=\"elementor elementor-24\">\n\t\t\t\t<div class=\"elementor-element elementor-element-d60ca8e e-flex e-con-boxed e-con e-parent\" data-id=\"d60ca8e\" data-element_type=\"container\">\n\t\t\t\t\t<div class=\"e-con-inner\">\n\t\t\t\t<div class=\"elementor-element elementor-element-6bc2c7e elementor-widget elementor-widget-image\" data-id=\"6bc2c7e\" data-element_type=\"widget\" data-widget_type=\"image.default\">\n\t\t\t\t\t\t\t\t\t\t\t\t\t\t\t<img decoding=\"async\" src=\"https:\/\/svb.saarland\/wp-content\/uploads\/elementor\/thumbs\/Sicherheit-final-scaled-r8lq3hha0ejsrg6ym21ix8760pebvftkepfc2jy39c.png\" title=\"Sicherheit final\" alt=\"Sicherheit final\" loading=\"lazy\" \/>\t\t\t\t\t\t\t\t\t\t\t\t\t\t\t<\/div>\n\t\t\t\t<div class=\"elementor-element elementor-element-fe04f2a elementor-widget elementor-widget-spacer\" data-id=\"fe04f2a\" data-element_type=\"widget\" data-widget_type=\"spacer.default\">\n\t\t\t\t\t\t\t<div class=\"elementor-spacer\">\n\t\t\t<div class=\"elementor-spacer-inner\"><\/div>\n\t\t<\/div>\n\t\t\t\t\t\t<\/div>\n\t\t\t\t<div class=\"elementor-element elementor-element-3573d5d elementor-widget elementor-widget-text-editor\" data-id=\"3573d5d\" data-element_type=\"widget\" data-widget_type=\"text-editor.default\">\n\t\t\t\t\t\t\t\t\t<h4 style=\"text-align: center;\"><span style=\"color: #4a4a4a;\"><strong>Gerade in Zeiten von Cyber-Kriminalit\u00e4t und Datendiebstahl bieten wir Ihnen Sicherheit und helfen Ihnen dabei keinerlei Angriffsfl\u00e4che und Lecks f\u00fcr Datendiebstahl zu zeigen.<\/strong><strong>\u00a0Wir machen ihr Unternehmen DSGVO konform und sorgen daf\u00fcr, dass Sie jederzeit den Schutz und die Unverletzbarkeit der Daten Ihrer Kunden gew\u00e4hrleisten k\u00f6nnen.<\/strong><\/span><\/h4>\t\t\t\t\t\t\t\t<\/div>\n\t\t\t\t<div class=\"elementor-element elementor-element-e9223c2 elementor-widget elementor-widget-spacer\" data-id=\"e9223c2\" data-element_type=\"widget\" data-widget_type=\"spacer.default\">\n\t\t\t\t\t\t\t<div class=\"elementor-spacer\">\n\t\t\t<div class=\"elementor-spacer-inner\"><\/div>\n\t\t<\/div>\n\t\t\t\t\t\t<\/div>\n\t\t\t\t\t<\/div>\n\t\t\t\t<\/div>\n\t\t<div class=\"elementor-element elementor-element-72ab38ab e-flex e-con-boxed e-con e-parent\" data-id=\"72ab38ab\" data-element_type=\"container\">\n\t\t\t\t\t<div class=\"e-con-inner\">\n\t\t<div class=\"elementor-element elementor-element-7e56d67f e-con-full e-flex e-con e-child\" data-id=\"7e56d67f\" data-element_type=\"container\">\n\t\t\t\t<div class=\"elementor-element elementor-element-56675fad elementor-widget elementor-widget-heading\" data-id=\"56675fad\" data-element_type=\"widget\" data-widget_type=\"heading.default\">\n\t\t\t\t\t<h3 class=\"elementor-heading-title elementor-size-default\">Regelm\u00e4\u00dfige Audits<\/h3>\t\t\t\t<\/div>\n\t\t\t\t<div class=\"elementor-element elementor-element-260d2e85 elementor-widget elementor-widget-text-editor\" data-id=\"260d2e85\" data-element_type=\"widget\" data-widget_type=\"text-editor.default\">\n\t\t\t\t\t\t\t\t\t<p>Bei unseren IT-Sicherheitsaudits f\u00fchren wir Ma\u00dfnahmen zur Risiko- und Schwachstellenanalyse Ihres IT-Systems durch. Bedrohungen f\u00fcr die Sicherheit k\u00f6nnen ausgehen von kriminellen Angriffen, von organisatorischen M\u00e4ngeln aber auch von technischen Unf\u00e4llen oder h\u00f6herer Gewalt.<\/p><p>Es l\u00e4sst sich hierdurch ablesen, welche negativen Au\u00dfenwirkungen wie Ausfallzeiten, Imagesch\u00e4den, finanzielle Folgen oder rechtliche Konsequenzen in Betracht kommen und welche Kosten diese im Zweifelsfall verursachen k\u00f6nnen.<\/p>\t\t\t\t\t\t\t\t<\/div>\n\t\t\t\t<\/div>\n\t\t<div class=\"elementor-element elementor-element-75ed6b7a e-con-full e-flex e-con e-child\" data-id=\"75ed6b7a\" data-element_type=\"container\">\n\t\t\t\t<div class=\"elementor-element elementor-element-4712ffcd elementor-widget elementor-widget-heading\" data-id=\"4712ffcd\" data-element_type=\"widget\" data-widget_type=\"heading.default\">\n\t\t\t\t\t<h3 class=\"elementor-heading-title elementor-size-default\">Sicherheitskonzepte<\/h3>\t\t\t\t<\/div>\n\t\t\t\t<div class=\"elementor-element elementor-element-4b493e4a elementor-widget elementor-widget-text-editor\" data-id=\"4b493e4a\" data-element_type=\"widget\" data-widget_type=\"text-editor.default\">\n\t\t\t\t\t\t\t\t\t<p>Das IT Sicherheitskonzept legt fest: \u201eGenau so gehen wir mit Informationssicherheit um, und nicht anders\u201c. Es definiert die Mindestanforderungen an die IT Sicherheit, die im Unternehmen erf\u00fcllt sein m\u00fcssen. Bevor diese nicht erf\u00fcllt sind, darf kein neuer Prozess umgesetzt und genutzt werden. Dadurch entstehen klare Definitionen \u2013 wer hier trotzdem widerspr\u00fcchlich handelt, handelt fahrl\u00e4ssig. Somit kann sich in Zukunft niemand mehr aus der Verantwortung f\u00fcr die Sicherheit heraus reden.<\/p><p>Das Sicherheitskonzept macht aber noch mehr. Es dient den Mitarbeitern eines Unternehmens als Leitfaden. Die meisten Mitarbeiter sind motiviert und an einer funktionierenden IT Sicherheit interessiert.<\/p>\t\t\t\t\t\t\t\t<\/div>\n\t\t\t\t<\/div>\n\t\t<div class=\"elementor-element elementor-element-27dbc980 e-con-full e-flex e-con e-child\" data-id=\"27dbc980\" data-element_type=\"container\">\n\t\t\t\t<div class=\"elementor-element elementor-element-5d25667d elementor-widget elementor-widget-heading\" data-id=\"5d25667d\" data-element_type=\"widget\" data-widget_type=\"heading.default\">\n\t\t\t\t\t<h3 class=\"elementor-heading-title elementor-size-default\"><h3 class=\"elementor-heading-title elementor-size-default elementor-inline-editing pen\" data-elementor-setting-key=\"title\" data-pen-placeholder=\"Eingabe hier...\">Schulung und Einweisung<\/h3><\/h3>\t\t\t\t<\/div>\n\t\t\t\t<div class=\"elementor-element elementor-element-4e1408d7 elementor-widget elementor-widget-text-editor\" data-id=\"4e1408d7\" data-element_type=\"widget\" data-widget_type=\"text-editor.default\">\n\t\t\t\t\t\t\t\t\t<p>IT- und Datensicherheit umfasst s\u00e4mtliche technischen Ma\u00dfnahmen zu Vertraulichkeit, Integrit\u00e4t und Verf\u00fcgbarkeit Ihrer Daten. Datensicherheit erh\u00e4lt sicherlich momentan geringere Aufmerksamkeit als die allgegenw\u00e4rtige Thematik Datenschutz \u2013 dadurch ist die Gefahr f\u00fcr Sicherheitsdefizite umso gr\u00f6\u00dfer. Koordinierter, achtsamer Umgang mit Daten und der IT im Unternehmen steht und f\u00e4llt mit Ihren Mitarbeitern. Schulen Sie sie deshalb nachhaltig und revisionssicher<\/p>\t\t\t\t\t\t\t\t<\/div>\n\t\t\t\t<\/div>\n\t\t\t\t\t<\/div>\n\t\t\t\t<\/div>\n\t\t\t\t<\/div>\n\t\t","protected":false},"excerpt":{"rendered":"<p>Gerade in Zeiten von Cyber-Kriminalit\u00e4t und Datendiebstahl bieten wir Ihnen Sicherheit und helfen Ihnen dabei keinerlei Angriffsfl\u00e4che und Lecks f\u00fcr Datendiebstahl zu zeigen.\u00a0Wir machen ihr Unternehmen DSGVO konform und sorgen daf\u00fcr, dass Sie jederzeit den Schutz und die Unverletzbarkeit der Daten Ihrer Kunden gew\u00e4hrleisten k\u00f6nnen. Regelm\u00e4\u00dfige Audits Bei unseren IT-Sicherheitsaudits f\u00fchren wir Ma\u00dfnahmen zur Risiko- [&hellip;]<\/p>\n","protected":false},"author":1,"featured_media":0,"parent":0,"menu_order":0,"comment_status":"closed","ping_status":"closed","template":"","meta":{"footnotes":""},"class_list":["post-24","page","type-page","status-publish","hentry","wpbf-post"],"_links":{"self":[{"href":"https:\/\/svb.saarland\/index.php?rest_route=\/wp\/v2\/pages\/24","targetHints":{"allow":["GET"]}}],"collection":[{"href":"https:\/\/svb.saarland\/index.php?rest_route=\/wp\/v2\/pages"}],"about":[{"href":"https:\/\/svb.saarland\/index.php?rest_route=\/wp\/v2\/types\/page"}],"author":[{"embeddable":true,"href":"https:\/\/svb.saarland\/index.php?rest_route=\/wp\/v2\/users\/1"}],"replies":[{"embeddable":true,"href":"https:\/\/svb.saarland\/index.php?rest_route=%2Fwp%2Fv2%2Fcomments&post=24"}],"version-history":[{"count":5,"href":"https:\/\/svb.saarland\/index.php?rest_route=\/wp\/v2\/pages\/24\/revisions"}],"predecessor-version":[{"id":165,"href":"https:\/\/svb.saarland\/index.php?rest_route=\/wp\/v2\/pages\/24\/revisions\/165"}],"wp:attachment":[{"href":"https:\/\/svb.saarland\/index.php?rest_route=%2Fwp%2Fv2%2Fmedia&parent=24"}],"curies":[{"name":"wp","href":"https:\/\/api.w.org\/{rel}","templated":true}]}}