{"id":22,"date":"2025-07-10T14:28:14","date_gmt":"2025-07-10T14:28:14","guid":{"rendered":"https:\/\/dev.svb.saarland\/?page_id=22"},"modified":"2025-07-11T14:09:06","modified_gmt":"2025-07-11T13:09:06","slug":"datenschutz","status":"publish","type":"page","link":"https:\/\/svb.saarland\/?page_id=22","title":{"rendered":"Datenschutz"},"content":{"rendered":"\t\t<div data-elementor-type=\"wp-page\" data-elementor-id=\"22\" class=\"elementor elementor-22\">\n\t\t\t\t<div class=\"elementor-element elementor-element-4562601 e-flex e-con-boxed e-con e-parent\" data-id=\"4562601\" data-element_type=\"container\">\n\t\t\t\t\t<div class=\"e-con-inner\">\n\t\t\t\t<div class=\"elementor-element elementor-element-cdf7d62 elementor-widget elementor-widget-image\" data-id=\"cdf7d62\" data-element_type=\"widget\" data-widget_type=\"image.default\">\n\t\t\t\t\t\t\t\t\t\t\t\t\t\t\t<img decoding=\"async\" src=\"https:\/\/svb.saarland\/wp-content\/uploads\/elementor\/thumbs\/Datenschutz-final-scaled-r8lq02cf53v8ij5tl2tecl9s7898v38q9ryq7b0nwg.png\" title=\"Datenschutz final\" alt=\"Datenschutz final\" loading=\"lazy\" \/>\t\t\t\t\t\t\t\t\t\t\t\t\t\t\t<\/div>\n\t\t\t\t<div class=\"elementor-element elementor-element-789aa48 elementor-widget elementor-widget-spacer\" data-id=\"789aa48\" data-element_type=\"widget\" data-widget_type=\"spacer.default\">\n\t\t\t\t\t\t\t<div class=\"elementor-spacer\">\n\t\t\t<div class=\"elementor-spacer-inner\"><\/div>\n\t\t<\/div>\n\t\t\t\t\t\t<\/div>\n\t\t\t\t<div class=\"elementor-element elementor-element-2937902 elementor-widget elementor-widget-text-editor\" data-id=\"2937902\" data-element_type=\"widget\" data-widget_type=\"text-editor.default\">\n\t\t\t\t\t\t\t\t\t<h4 style=\"text-align: center;\"><span style=\"color: #4a4a4a;\"><strong>Seit dem 25. Mai 2018 ist die Datenschutzgrundverordnung direkt anwendbar.<\/strong><\/span><br \/><span style=\"color: #4a4a4a;\"><strong>Sowohl f\u00fcr Unternehmen als auch f\u00fcr Privatpersonen bringt sie viele \u00c4nderungen mit sich.<\/strong><\/span><br \/><span style=\"color: #4a4a4a;\"><strong>Alle Unternehmen m\u00fcssen aufgrund der DSGVO viele Neuerungen im Vergleich zum bisherigen Bundesdatenschutzgesetz umsetzen.<\/strong><\/span><br \/><span style=\"color: #4a4a4a;\"><strong>F\u00fcr eine unterlassene bzw. fehlerhafte Umsetzung der Neuen Datenschutzgrundverordnung drohen hohe Bussgelder.<\/strong><\/span><\/h4>\t\t\t\t\t\t\t\t<\/div>\n\t\t\t\t<div class=\"elementor-element elementor-element-95029a6 elementor-widget elementor-widget-spacer\" data-id=\"95029a6\" data-element_type=\"widget\" data-widget_type=\"spacer.default\">\n\t\t\t\t\t\t\t<div class=\"elementor-spacer\">\n\t\t\t<div class=\"elementor-spacer-inner\"><\/div>\n\t\t<\/div>\n\t\t\t\t\t\t<\/div>\n\t\t\t\t\t<\/div>\n\t\t\t\t<\/div>\n\t\t<div class=\"elementor-element elementor-element-a1d474f e-flex e-con-boxed e-con e-parent\" data-id=\"a1d474f\" data-element_type=\"container\">\n\t\t\t\t\t<div class=\"e-con-inner\">\n\t\t<div class=\"elementor-element elementor-element-4787386b e-con-full e-flex e-con e-child\" data-id=\"4787386b\" data-element_type=\"container\">\n\t\t\t\t<div class=\"elementor-element elementor-element-139fcc80 elementor-widget elementor-widget-heading\" data-id=\"139fcc80\" data-element_type=\"widget\" data-widget_type=\"heading.default\">\n\t\t\t\t\t<h3 class=\"elementor-heading-title elementor-size-default\">Datenschutz f\u00fcr Unternehmen<\/h3>\t\t\t\t<\/div>\n\t\t\t\t<div class=\"elementor-element elementor-element-15cede5c elementor-widget elementor-widget-text-editor\" data-id=\"15cede5c\" data-element_type=\"widget\" data-widget_type=\"text-editor.default\">\n\t\t\t\t\t\t\t\t\t<p>Kleine und mittlere Unternehmen vernachl\u00e4ssigen den geforderten Datenschutz meist aus Budgetgr\u00fcnden, Zeitmangel, oder weil sie sich nicht mit der Umsetzung der neuen Vorgaben besch\u00e4ftigen m\u00f6chten. Doch alle Unternehmen \u2013 auch Einzel- oder KMU sind zur Wahrung des Datenschutzes verpflichtet. Durch Nichteinhaltung des Datenschutzes gehen sie ein erhebliches Risiko ein. Drohende Sanktionen und Bu\u00dfgelder k\u00f6nnen existenzgef\u00e4hrdend werden.<\/p>\t\t\t\t\t\t\t\t<\/div>\n\t\t\t\t<\/div>\n\t\t<div class=\"elementor-element elementor-element-5411cca5 e-con-full e-flex e-con e-child\" data-id=\"5411cca5\" data-element_type=\"container\">\n\t\t\t\t<div class=\"elementor-element elementor-element-369dd552 elementor-widget elementor-widget-heading\" data-id=\"369dd552\" data-element_type=\"widget\" data-widget_type=\"heading.default\">\n\t\t\t\t\t<h3 class=\"elementor-heading-title elementor-size-default\">Datenschutzbeauftragter<\/h3>\t\t\t\t<\/div>\n\t\t\t\t<div class=\"elementor-element elementor-element-27c9e04 elementor-widget elementor-widget-spacer\" data-id=\"27c9e04\" data-element_type=\"widget\" data-widget_type=\"spacer.default\">\n\t\t\t\t\t\t\t<div class=\"elementor-spacer\">\n\t\t\t<div class=\"elementor-spacer-inner\"><\/div>\n\t\t<\/div>\n\t\t\t\t\t\t<\/div>\n\t\t\t\t<div class=\"elementor-element elementor-element-15a47ea7 elementor-widget elementor-widget-text-editor\" data-id=\"15a47ea7\" data-element_type=\"widget\" data-widget_type=\"text-editor.default\">\n\t\t\t\t\t\t\t\t\t<p>Als externer Datenschutzbeauftragter bietet das Sachverst\u00e4ndigenb\u00fcro Saar Ihnen eine praxisnahe und ganzheitliche Betreuung und Datenschutz-beratung, um gesetzliche Anforderungen insbesondere bei der Beachtung der DSGVO sowie des BDSG sicherzustellen.<\/p>\t\t\t\t\t\t\t\t<\/div>\n\t\t\t\t<\/div>\n\t\t<div class=\"elementor-element elementor-element-3a7611ed e-con-full e-flex e-con e-child\" data-id=\"3a7611ed\" data-element_type=\"container\">\n\t\t\t\t<div class=\"elementor-element elementor-element-16de8047 elementor-widget elementor-widget-heading\" data-id=\"16de8047\" data-element_type=\"widget\" data-widget_type=\"heading.default\">\n\t\t\t\t\t<h3 class=\"elementor-heading-title elementor-size-default\">\u00dcberpr\u00fcfung<\/h3>\t\t\t\t<\/div>\n\t\t\t\t<div class=\"elementor-element elementor-element-f1238fa elementor-widget elementor-widget-spacer\" data-id=\"f1238fa\" data-element_type=\"widget\" data-widget_type=\"spacer.default\">\n\t\t\t\t\t\t\t<div class=\"elementor-spacer\">\n\t\t\t<div class=\"elementor-spacer-inner\"><\/div>\n\t\t<\/div>\n\t\t\t\t\t\t<\/div>\n\t\t\t\t<div class=\"elementor-element elementor-element-720267de elementor-widget elementor-widget-text-editor\" data-id=\"720267de\" data-element_type=\"widget\" data-widget_type=\"text-editor.default\">\n\t\t\t\t\t\t\t\t\t<p>Zum Start erfassen wir s\u00e4mtliche T\u00e4tigkeiten und Prozesse Ihres Unternehmens, bei denen personen- bezogene Daten erfasst und verarbeitet werden. Anschlie\u00dfend pr\u00fcfen wir diese auf Zul\u00e4ssigkeit und Konformit\u00e4t.<br \/>Heraus leiten wir in Verbindung der bereits getroffenen Ma\u00dfnahmen zur Einhaltung des Datenschutzes und erstellen hieraus Handlungsempfehlungen Datenschutzfolgeab-sch\u00e4tzungen und Risikoanalysen.<br \/>Wir begleiten Sie selbstverst\u00e4ndlich bei der\u00a0 kompletten Umsetzung und nutzen f\u00fcr Sie unsere Erfahrung aus zahlreichen Mandanten unterschiedlichster Branchen.\u00a0<\/p>\t\t\t\t\t\t\t\t<\/div>\n\t\t\t\t<\/div>\n\t\t\t\t\t<\/div>\n\t\t\t\t<\/div>\n\t\t\t\t<\/div>\n\t\t","protected":false},"excerpt":{"rendered":"<p>Seit dem 25. Mai 2018 ist die Datenschutzgrundverordnung direkt anwendbar.Sowohl f\u00fcr Unternehmen als auch f\u00fcr Privatpersonen bringt sie viele \u00c4nderungen mit sich.Alle Unternehmen m\u00fcssen aufgrund der DSGVO viele Neuerungen im Vergleich zum bisherigen Bundesdatenschutzgesetz umsetzen.F\u00fcr eine unterlassene bzw. fehlerhafte Umsetzung der Neuen Datenschutzgrundverordnung drohen hohe Bussgelder. Datenschutz f\u00fcr Unternehmen Kleine und mittlere Unternehmen vernachl\u00e4ssigen den [&hellip;]<\/p>\n","protected":false},"author":1,"featured_media":0,"parent":0,"menu_order":0,"comment_status":"closed","ping_status":"closed","template":"","meta":{"footnotes":""},"class_list":["post-22","page","type-page","status-publish","hentry","wpbf-post"],"_links":{"self":[{"href":"https:\/\/svb.saarland\/index.php?rest_route=\/wp\/v2\/pages\/22","targetHints":{"allow":["GET"]}}],"collection":[{"href":"https:\/\/svb.saarland\/index.php?rest_route=\/wp\/v2\/pages"}],"about":[{"href":"https:\/\/svb.saarland\/index.php?rest_route=\/wp\/v2\/types\/page"}],"author":[{"embeddable":true,"href":"https:\/\/svb.saarland\/index.php?rest_route=\/wp\/v2\/users\/1"}],"replies":[{"embeddable":true,"href":"https:\/\/svb.saarland\/index.php?rest_route=%2Fwp%2Fv2%2Fcomments&post=22"}],"version-history":[{"count":5,"href":"https:\/\/svb.saarland\/index.php?rest_route=\/wp\/v2\/pages\/22\/revisions"}],"predecessor-version":[{"id":161,"href":"https:\/\/svb.saarland\/index.php?rest_route=\/wp\/v2\/pages\/22\/revisions\/161"}],"wp:attachment":[{"href":"https:\/\/svb.saarland\/index.php?rest_route=%2Fwp%2Fv2%2Fmedia&parent=22"}],"curies":[{"name":"wp","href":"https:\/\/api.w.org\/{rel}","templated":true}]}}