{"id":14,"date":"2025-07-10T14:24:36","date_gmt":"2025-07-10T14:24:36","guid":{"rendered":"https:\/\/dev.svb.saarland\/?page_id=14"},"modified":"2025-07-11T08:26:44","modified_gmt":"2025-07-11T08:26:44","slug":"startseite","status":"publish","type":"page","link":"https:\/\/svb.saarland\/","title":{"rendered":"Startseite"},"content":{"rendered":"\t\t<div data-elementor-type=\"wp-page\" data-elementor-id=\"14\" class=\"elementor elementor-14\">\n\t\t\t\t<div class=\"elementor-element elementor-element-9aaf080 e-flex e-con-boxed e-con e-parent\" data-id=\"9aaf080\" data-element_type=\"container\">\n\t\t\t\t\t<div class=\"e-con-inner\">\n\t\t\t\t<div class=\"elementor-element elementor-element-459968f elementor-widget elementor-widget-heading\" data-id=\"459968f\" data-element_type=\"widget\" data-widget_type=\"heading.default\">\n\t\t\t\t\t<h1 class=\"elementor-heading-title elementor-size-default\">Willkommen beim Sachverst\u00e4ndigenb\u00fcro Saar <\/h1>\t\t\t\t<\/div>\n\t\t\t\t<div class=\"elementor-element elementor-element-84331ad elementor-widget elementor-widget-heading\" data-id=\"84331ad\" data-element_type=\"widget\" data-widget_type=\"heading.default\">\n\t\t\t\t\t<h2 class=\"elementor-heading-title elementor-size-default\">Ihr Partner f\u00fcr Datenschutz und IT-Sicherheit<\/h2>\t\t\t\t<\/div>\n\t\t\t\t<div class=\"elementor-element elementor-element-30382f6 elementor-arrows-position-inside elementor-pagination-position-outside elementor-widget elementor-widget-image-carousel\" data-id=\"30382f6\" data-element_type=\"widget\" data-settings=\"{&quot;slides_to_show&quot;:&quot;1&quot;,&quot;navigation&quot;:&quot;both&quot;,&quot;autoplay&quot;:&quot;yes&quot;,&quot;pause_on_hover&quot;:&quot;yes&quot;,&quot;pause_on_interaction&quot;:&quot;yes&quot;,&quot;autoplay_speed&quot;:5000,&quot;infinite&quot;:&quot;yes&quot;,&quot;effect&quot;:&quot;slide&quot;,&quot;speed&quot;:500}\" data-widget_type=\"image-carousel.default\">\n\t\t\t\t\t\t\t<div class=\"elementor-image-carousel-wrapper swiper\" role=\"region\" aria-roledescription=\"carousel\" aria-label=\"Startseite Bildlauf\" dir=\"ltr\">\n\t\t\t<div class=\"elementor-image-carousel swiper-wrapper swiper-image-stretch\" aria-live=\"off\">\n\t\t\t\t\t\t\t\t<div class=\"swiper-slide\" role=\"group\" aria-roledescription=\"slide\" aria-label=\"1 von 2\"><figure class=\"swiper-slide-inner\"><img decoding=\"async\" class=\"swiper-slide-image\" src=\"https:\/\/svb.saarland\/wp-content\/uploads\/2025\/07\/Banner-1-768x227.jpeg\" alt=\"DSGVO - Datenschutz Konzept\" \/><\/figure><\/div><div class=\"swiper-slide\" role=\"group\" aria-roledescription=\"slide\" aria-label=\"2 von 2\"><figure class=\"swiper-slide-inner\"><img decoding=\"async\" class=\"swiper-slide-image\" src=\"https:\/\/svb.saarland\/wp-content\/uploads\/2025\/07\/Banner-2-768x235.jpg\" alt=\"Banner (2)\" \/><\/figure><\/div>\t\t\t<\/div>\n\t\t\t\t\t\t\t\t\t\t\t\t<div class=\"elementor-swiper-button elementor-swiper-button-prev\" role=\"button\" tabindex=\"0\">\n\t\t\t\t\t\t<svg aria-hidden=\"true\" class=\"e-font-icon-svg e-fas-angle-double-left\" viewBox=\"0 0 448 512\" xmlns=\"http:\/\/www.w3.org\/2000\/svg\"><path d=\"M223.7 239l136-136c9.4-9.4 24.6-9.4 33.9 0l22.6 22.6c9.4 9.4 9.4 24.6 0 33.9L319.9 256l96.4 96.4c9.4 9.4 9.4 24.6 0 33.9L393.7 409c-9.4 9.4-24.6 9.4-33.9 0l-136-136c-9.5-9.4-9.5-24.6-.1-34zm-192 34l136 136c9.4 9.4 24.6 9.4 33.9 0l22.6-22.6c9.4-9.4 9.4-24.6 0-33.9L127.9 256l96.4-96.4c9.4-9.4 9.4-24.6 0-33.9L201.7 103c-9.4-9.4-24.6-9.4-33.9 0l-136 136c-9.5 9.4-9.5 24.6-.1 34z\"><\/path><\/svg>\t\t\t\t\t<\/div>\n\t\t\t\t\t<div class=\"elementor-swiper-button elementor-swiper-button-next\" role=\"button\" tabindex=\"0\">\n\t\t\t\t\t\t<svg aria-hidden=\"true\" class=\"e-font-icon-svg e-fas-angle-double-right\" viewBox=\"0 0 448 512\" xmlns=\"http:\/\/www.w3.org\/2000\/svg\"><path d=\"M224.3 273l-136 136c-9.4 9.4-24.6 9.4-33.9 0l-22.6-22.6c-9.4-9.4-9.4-24.6 0-33.9l96.4-96.4-96.4-96.4c-9.4-9.4-9.4-24.6 0-33.9L54.3 103c9.4-9.4 24.6-9.4 33.9 0l136 136c9.5 9.4 9.5 24.6.1 34zm192-34l-136-136c-9.4-9.4-24.6-9.4-33.9 0l-22.6 22.6c-9.4 9.4-9.4 24.6 0 33.9l96.4 96.4-96.4 96.4c-9.4 9.4-9.4 24.6 0 33.9l22.6 22.6c9.4 9.4 24.6 9.4 33.9 0l136-136c9.4-9.2 9.4-24.4 0-33.8z\"><\/path><\/svg>\t\t\t\t\t<\/div>\n\t\t\t\t\n\t\t\t\t\t\t\t\t\t<div class=\"swiper-pagination\"><\/div>\n\t\t\t\t\t\t\t\t\t<\/div>\n\t\t\t\t\t\t<\/div>\n\t\t\t\t<div class=\"elementor-element elementor-element-4782332 elementor-widget elementor-widget-spacer\" data-id=\"4782332\" data-element_type=\"widget\" data-widget_type=\"spacer.default\">\n\t\t\t\t\t\t\t<div class=\"elementor-spacer\">\n\t\t\t<div class=\"elementor-spacer-inner\"><\/div>\n\t\t<\/div>\n\t\t\t\t\t\t<\/div>\n\t\t\t\t\t<\/div>\n\t\t\t\t<\/div>\n\t\t<div class=\"elementor-element elementor-element-33de4edf e-flex e-con-boxed e-con e-parent\" data-id=\"33de4edf\" data-element_type=\"container\">\n\t\t\t\t\t<div class=\"e-con-inner\">\n\t\t<div class=\"elementor-element elementor-element-4f4126e5 e-con-full e-flex e-con e-child\" data-id=\"4f4126e5\" data-element_type=\"container\">\n\t\t\t\t<div class=\"elementor-element elementor-element-773b50d elementor-widget elementor-widget-image\" data-id=\"773b50d\" data-element_type=\"widget\" data-widget_type=\"image.default\">\n\t\t\t\t\t\t\t\t\t\t\t\t\t\t\t<img decoding=\"async\" src=\"https:\/\/svb.saarland\/wp-content\/uploads\/elementor\/thumbs\/dsgvo-r8ldft9wvqre8feu91w7wntqpa4gqsuf4lejp2baio.png\" title=\"dsgvo\" alt=\"dsgvo\" loading=\"lazy\" \/>\t\t\t\t\t\t\t\t\t\t\t\t\t\t\t<\/div>\n\t\t\t\t<div class=\"elementor-element elementor-element-580875cf elementor-widget elementor-widget-heading\" data-id=\"580875cf\" data-element_type=\"widget\" data-widget_type=\"heading.default\">\n\t\t\t\t\t<h3 class=\"elementor-heading-title elementor-size-default\">Datenschutz<\/h3>\t\t\t\t<\/div>\n\t\t\t\t<div class=\"elementor-element elementor-element-5b9cb20d elementor-widget elementor-widget-text-editor\" data-id=\"5b9cb20d\" data-element_type=\"widget\" data-widget_type=\"text-editor.default\">\n\t\t\t\t\t\t\t\t\t<p>Die datenschutzrechtlichen Anforderungen der EU-Datenschutzgrundverordnung , des Bundesdaten-schutzgesetzes und weiterer Gesetze stellen eine gro\u00dfe Herausforderung f\u00fcr Unternehmen dar \u2013 unabh\u00e4ngig der Mitarbeiteranzahl.<\/p><p>Wir unterst\u00fctzen Sie bei der Umsetzung der gesetzlichen Vorgaben, beraten und begleiten Sie bei der Implementierung eines Datenschutz-Managementsystems.<br \/>Mit unserer kompetenten Unterst\u00fctzung stellen Sie den rechtskonformen Zustand her und k\u00f6nnen sich auf Ihre Kernaufgaben konzentrieren.<\/p><p>Im Bereich Datenschutz stehen wir Ihnen mit Rat und Tat zur Seite \u2013 vom Datenschutzaudit \u00fcber Beratung und der Stellung von externen Daten-schutzbeauftragten.<\/p>\t\t\t\t\t\t\t\t<\/div>\n\t\t\t\t<div class=\"elementor-element elementor-element-de94cc2 elementor-widget elementor-widget-text-editor\" data-id=\"de94cc2\" data-element_type=\"widget\" data-widget_type=\"text-editor.default\">\n\t\t\t\t\t\t\t\t\t<p style=\"text-align: center;\"><span style=\"color: #2f518e;\"><strong>Sorgen Sie noch heute f\u00fcr eine rechtssichere Datenschutzorganisation.<\/strong><\/span><\/p>\t\t\t\t\t\t\t\t<\/div>\n\t\t\t\t<\/div>\n\t\t<div class=\"elementor-element elementor-element-5041ca7c e-con-full e-flex e-con e-child\" data-id=\"5041ca7c\" data-element_type=\"container\">\n\t\t\t\t<div class=\"elementor-element elementor-element-4f3aca4 elementor-widget elementor-widget-image\" data-id=\"4f3aca4\" data-element_type=\"widget\" data-widget_type=\"image.default\">\n\t\t\t\t\t\t\t\t\t\t\t\t\t\t\t<img decoding=\"async\" src=\"https:\/\/svb.saarland\/wp-content\/uploads\/elementor\/thumbs\/IT-SICHERHEIT-r8ldfx19n2wjiv9dn3iq6mvl2tlxll9ch40hm65pts.png\" title=\"IT SICHERHEIT\" alt=\"IT SICHERHEIT\" loading=\"lazy\" \/>\t\t\t\t\t\t\t\t\t\t\t\t\t\t\t<\/div>\n\t\t\t\t<div class=\"elementor-element elementor-element-76a5bb54 elementor-widget elementor-widget-heading\" data-id=\"76a5bb54\" data-element_type=\"widget\" data-widget_type=\"heading.default\">\n\t\t\t\t\t<h3 class=\"elementor-heading-title elementor-size-default\">IT-Sicherheit<\/h3>\t\t\t\t<\/div>\n\t\t\t\t<div class=\"elementor-element elementor-element-1e2d850d elementor-widget elementor-widget-text-editor\" data-id=\"1e2d850d\" data-element_type=\"widget\" data-widget_type=\"text-editor.default\">\n\t\t\t\t\t\t\t\t\t<p>Cyberattacken gef\u00e4hrden die Substanz von Unternehmen: Onlineangreifer k\u00f6nnen nicht nur vitale und vertrauliche Daten stehlen, sondern auch den Betrieb tagelang lahmlegen.<br \/>Dabei spielt die Unternehmensgr\u00f6\u00dfe keine Rolle.<\/p><p>Die Digitalisierung der Prozessketten birgt besonders f\u00fcr kleine und mittelst\u00e4ndische Unternehmen gro\u00dfe Chancen. \u201eIndustrie 4.0\u201c bedeutet aber auch, dass Unternehmen sich st\u00e4rker vernetzen m\u00fcssen. Im Wettbewerb positionieren sich abgesicherte Unternehmen als besonders vertrauensvoller Gesch\u00e4ftspartner.<\/p><p>Wir als IT-Sicherheitsbeauftragter beraten Sie bei der Gestaltung der IT-Sicherheit und unterst\u00fctzten bei der Umsetzung der entsprechenden Gesch\u00e4ftsprozesse.<\/p>\t\t\t\t\t\t\t\t<\/div>\n\t\t\t\t<div class=\"elementor-element elementor-element-efa3a54 elementor-widget elementor-widget-text-editor\" data-id=\"efa3a54\" data-element_type=\"widget\" data-widget_type=\"text-editor.default\">\n\t\t\t\t\t\t\t\t\t<p style=\"text-align: center;\"><span style=\"color: #2f518e;\"><strong>Wir entwickeln das passende IT-Sicherheitskonzept f\u00fcr Ihr Unternehmen<\/strong><\/span><\/p>\t\t\t\t\t\t\t\t<\/div>\n\t\t\t\t<\/div>\n\t\t<div class=\"elementor-element elementor-element-222987d8 e-con-full e-flex e-con e-child\" data-id=\"222987d8\" data-element_type=\"container\">\n\t\t\t\t<div class=\"elementor-element elementor-element-aebd5ab elementor-widget elementor-widget-image\" data-id=\"aebd5ab\" data-element_type=\"widget\" data-widget_type=\"image.default\">\n\t\t\t\t\t\t\t\t\t\t\t\t\t\t\t<img decoding=\"async\" src=\"https:\/\/svb.saarland\/wp-content\/uploads\/elementor\/thumbs\/beratung-r8ldg0smef1otb3x1558glxfgd3egdo9tmmfja054w.png\" title=\"beratung\" alt=\"beratung\" loading=\"lazy\" \/>\t\t\t\t\t\t\t\t\t\t\t\t\t\t\t<\/div>\n\t\t\t\t<div class=\"elementor-element elementor-element-159921b8 elementor-widget elementor-widget-heading\" data-id=\"159921b8\" data-element_type=\"widget\" data-widget_type=\"heading.default\">\n\t\t\t\t\t<h3 class=\"elementor-heading-title elementor-size-default\">Beratung<\/h3>\t\t\t\t<\/div>\n\t\t\t\t<div class=\"elementor-element elementor-element-6ddbf397 elementor-widget elementor-widget-text-editor\" data-id=\"6ddbf397\" data-element_type=\"widget\" data-widget_type=\"text-editor.default\">\n\t\t\t\t\t\t\t\t\t<p>In der Technik bedeutet Stillstand gleich R\u00fcckschritt.<\/p><p>Komplexe Prozesse und Arbeitsabl\u00e4ufe mit Ihrer IT zu vereinen und diese zugleich schneller und effizienter abzubilden ist eine Herausforderung.<\/p><p>Neue Systeme zu implementieren erfordert eine detaillierte Planung, sowie eine strukturierte und saubere Umsetzung. Nur die kontinuierliche Optimierung Ihres Systems bringt Ihnen den Vorsprung vor der Konkurrenz.<\/p><p>Eine externe, objektive Analyse tr\u00e4gt dazu bei, den Blickwinkel auf Workflows innerhalb Ihrer IT-Struktur zu \u00fcberpr\u00fcfen und ggf. zu optimieren. Auch Ihre Sicherheitsma\u00dfnahmen m\u00fcssen stetig \u00fcberpr\u00fcft und neu \u00fcberdacht werden.<\/p>\t\t\t\t\t\t\t\t<\/div>\n\t\t\t\t<div class=\"elementor-element elementor-element-af1e660 elementor-widget elementor-widget-text-editor\" data-id=\"af1e660\" data-element_type=\"widget\" data-widget_type=\"text-editor.default\">\n\t\t\t\t\t\t\t\t\t<p style=\"text-align: center;\"><span style=\"color: #2f518e;\"><strong>Nutzen Sie diese Chance \u2013 sprechen Sie uns an.<\/strong><\/span><\/p>\t\t\t\t\t\t\t\t<\/div>\n\t\t\t\t<\/div>\n\t\t\t\t\t<\/div>\n\t\t\t\t<\/div>\n\t\t\t\t<\/div>\n\t\t","protected":false},"excerpt":{"rendered":"<p>Willkommen beim Sachverst\u00e4ndigenb\u00fcro Saar Ihr Partner f\u00fcr Datenschutz und IT-Sicherheit Datenschutz Die datenschutzrechtlichen Anforderungen der EU-Datenschutzgrundverordnung , des Bundesdaten-schutzgesetzes und weiterer Gesetze stellen eine gro\u00dfe Herausforderung f\u00fcr Unternehmen dar \u2013 unabh\u00e4ngig der Mitarbeiteranzahl. Wir unterst\u00fctzen Sie bei der Umsetzung der gesetzlichen Vorgaben, beraten und begleiten Sie bei der Implementierung eines Datenschutz-Managementsystems.Mit unserer kompetenten Unterst\u00fctzung stellen [&hellip;]<\/p>\n","protected":false},"author":1,"featured_media":0,"parent":0,"menu_order":0,"comment_status":"closed","ping_status":"closed","template":"","meta":{"footnotes":""},"class_list":["post-14","page","type-page","status-publish","hentry","wpbf-post"],"_links":{"self":[{"href":"https:\/\/svb.saarland\/index.php?rest_route=\/wp\/v2\/pages\/14","targetHints":{"allow":["GET"]}}],"collection":[{"href":"https:\/\/svb.saarland\/index.php?rest_route=\/wp\/v2\/pages"}],"about":[{"href":"https:\/\/svb.saarland\/index.php?rest_route=\/wp\/v2\/types\/page"}],"author":[{"embeddable":true,"href":"https:\/\/svb.saarland\/index.php?rest_route=\/wp\/v2\/users\/1"}],"replies":[{"embeddable":true,"href":"https:\/\/svb.saarland\/index.php?rest_route=%2Fwp%2Fv2%2Fcomments&post=14"}],"version-history":[{"count":5,"href":"https:\/\/svb.saarland\/index.php?rest_route=\/wp\/v2\/pages\/14\/revisions"}],"predecessor-version":[{"id":156,"href":"https:\/\/svb.saarland\/index.php?rest_route=\/wp\/v2\/pages\/14\/revisions\/156"}],"wp:attachment":[{"href":"https:\/\/svb.saarland\/index.php?rest_route=%2Fwp%2Fv2%2Fmedia&parent=14"}],"curies":[{"name":"wp","href":"https:\/\/api.w.org\/{rel}","templated":true}]}}